{"id":4796,"date":"2016-05-03T10:11:53","date_gmt":"2016-05-03T08:11:53","guid":{"rendered":"https:\/\/www.rbb-aluminium.de\/fr\/aluminiumprofile\/individuelle-aluminium-produkte-fuer-die-industrie\/"},"modified":"2019-05-28T10:16:18","modified_gmt":"2019-05-28T08:16:18","slug":"produits-sur-mesure","status":"publish","type":"page","link":"https:\/\/www.rbb-aluminium.de\/fr\/profiles-en-aluminium\/produits-sur-mesure\/","title":{"rendered":"Produits sur mesure"},"content":{"rendered":"<div class=\"entry-content\">\n<div class=\"element_row\" >\n<div class=\"container\">\n<div class=\"row\">\n<div class=\"col-md-8\">\n<div class=\"elements_container\" >\n<div class=\"volltext \"><\/div>\n<p>&nbsp;\n                                        <\/p><\/div>\n<\/p><\/div>\n<div class=\"col-md-4\">\n<div class=\"elements_container\" >\n<div class=\"volltext \"><\/div>\n<p>&nbsp;<\/p><\/div>\n<\/p><\/div>\n<\/p><\/div>\n<\/p><\/div>\n<\/p><\/div>\n<div class=\"element_row\" >\n<div class=\"container\">\n<div class=\"row\">\n<div class=\"col-md-12\">\n<div class=\"elements_container\"><\/div>\n<\/p><\/div>\n<\/p><\/div>\n<\/p><\/div>\n<\/p><\/div>\n<\/p><\/div>\n","protected":false},"excerpt":{"rendered":"<p>&nbsp; &nbsp;<\/p>\n","protected":false},"author":1,"featured_media":0,"parent":4671,"menu_order":0,"comment_status":"closed","ping_status":"closed","template":"","meta":{"_acf_changed":false,"footnotes":""},"class_list":["post-4796","page","type-page","status-publish","hentry"],"acf":[],"yoast_head":"<!-- This site is optimized with the Yoast SEO plugin v27.2 - https:\/\/yoast.com\/product\/yoast-seo-wordpress\/ -->\n<title>Produits sur mesure - R\u00b7B\u00b7B Aluminium-Profiltechnik AG<\/title>\n<meta name=\"description\" content=\"Gestion compl\u00e8te du profil\u00e9 en aluminium D\u00e9veloppement, usinage de production, finition de surface, emballage \u00b7 Logistique\" \/>\n<meta name=\"robots\" content=\"index, follow, max-snippet:-1, max-image-preview:large, max-video-preview:-1\" \/>\n<link rel=\"canonical\" href=\"https:\/\/www.rbb-aluminium.de\/fr\/profiles-en-aluminium\/produits-sur-mesure\/\" \/>\n<meta property=\"og:locale\" content=\"fr_FR\" \/>\n<meta property=\"og:type\" content=\"article\" \/>\n<meta property=\"og:title\" content=\"Produits sur mesure - R\u00b7B\u00b7B Aluminium-Profiltechnik AG\" \/>\n<meta property=\"og:description\" content=\"Gestion compl\u00e8te du profil\u00e9 en aluminium D\u00e9veloppement, usinage de production, finition de surface, emballage \u00b7 Logistique\" \/>\n<meta property=\"og:url\" content=\"https:\/\/www.rbb-aluminium.de\/fr\/profiles-en-aluminium\/produits-sur-mesure\/\" \/>\n<meta property=\"og:site_name\" content=\"R\u00b7B\u00b7B Aluminium-Profiltechnik AG\" \/>\n<meta property=\"article:publisher\" content=\"https:\/\/www.facebook.com\/RBB.Aluminium.AG\/\" \/>\n<meta property=\"article:modified_time\" content=\"2019-05-28T08:16:18+00:00\" \/>\n<meta property=\"og:image\" content=\"https:\/\/www.rbb-aluminium.de\/inhalte\/uploads\/Luftaufnahme_LKW_.png\" \/>\n\t<meta property=\"og:image:width\" content=\"630\" \/>\n\t<meta property=\"og:image:height\" content=\"375\" \/>\n\t<meta property=\"og:image:type\" content=\"image\/png\" \/>\n<meta name=\"twitter:card\" content=\"summary_large_image\" \/>\n<script type=\"application\/ld+json\" class=\"yoast-schema-graph\">{\"@context\":\"https:\/\/schema.org\",\"@graph\":[{\"@type\":\"WebPage\",\"@id\":\"https:\/\/www.rbb-aluminium.de\/fr\/profiles-en-aluminium\/produits-sur-mesure\/\",\"url\":\"https:\/\/www.rbb-aluminium.de\/fr\/profiles-en-aluminium\/produits-sur-mesure\/\",\"name\":\"Produits sur mesure - R\u00b7B\u00b7B Aluminium-Profiltechnik AG\",\"isPartOf\":{\"@id\":\"https:\/\/www.rbb-aluminium.de\/fr\/#website\"},\"datePublished\":\"2016-05-03T08:11:53+00:00\",\"dateModified\":\"2019-05-28T08:16:18+00:00\",\"description\":\"Gestion compl\u00e8te du profil\u00e9 en aluminium D\u00e9veloppement, usinage de production, finition de surface, emballage \u00b7 Logistique\",\"breadcrumb\":{\"@id\":\"https:\/\/www.rbb-aluminium.de\/fr\/profiles-en-aluminium\/produits-sur-mesure\/#breadcrumb\"},\"inLanguage\":\"fr-FR\",\"potentialAction\":[{\"@type\":\"ReadAction\",\"target\":[\"https:\/\/www.rbb-aluminium.de\/fr\/profiles-en-aluminium\/produits-sur-mesure\/\"]}]},{\"@type\":\"BreadcrumbList\",\"@id\":\"https:\/\/www.rbb-aluminium.de\/fr\/profiles-en-aluminium\/produits-sur-mesure\/#breadcrumb\",\"itemListElement\":[{\"@type\":\"ListItem\",\"position\":1,\"name\":\"Home\",\"item\":\"https:\/\/www.rbb-aluminium.de\/fr\/\"},{\"@type\":\"ListItem\",\"position\":2,\"name\":\"Profil\u00e9s en aluminium\",\"item\":\"https:\/\/www.rbb-aluminium.de\/fr\/profiles-en-aluminium\/\"},{\"@type\":\"ListItem\",\"position\":3,\"name\":\"Produits sur mesure\"}]},{\"@type\":\"WebSite\",\"@id\":\"https:\/\/www.rbb-aluminium.de\/fr\/#website\",\"url\":\"https:\/\/www.rbb-aluminium.de\/fr\/\",\"name\":\"R\u00b7B\u00b7B Aluminium-Profiltechnik AG\",\"description\":\"\",\"publisher\":{\"@id\":\"https:\/\/www.rbb-aluminium.de\/fr\/#organization\"},\"potentialAction\":[{\"@type\":\"SearchAction\",\"target\":{\"@type\":\"EntryPoint\",\"urlTemplate\":\"https:\/\/www.rbb-aluminium.de\/fr\/?s={search_term_string}\"},\"query-input\":{\"@type\":\"PropertyValueSpecification\",\"valueRequired\":true,\"valueName\":\"search_term_string\"}}],\"inLanguage\":\"fr-FR\"},{\"@type\":\"Organization\",\"@id\":\"https:\/\/www.rbb-aluminium.de\/fr\/#organization\",\"name\":\"RBB Aluminium Profiltechnik AG\",\"url\":\"https:\/\/www.rbb-aluminium.de\/fr\/\",\"logo\":{\"@type\":\"ImageObject\",\"inLanguage\":\"fr-FR\",\"@id\":\"https:\/\/www.rbb-aluminium.de\/fr\/#\/schema\/logo\/image\/\",\"url\":\"https:\/\/www.rbb-aluminium.de\/inhalte\/uploads\/rbb_aluminium_logo_blau_01.jpg\",\"contentUrl\":\"https:\/\/www.rbb-aluminium.de\/inhalte\/uploads\/rbb_aluminium_logo_blau_01.jpg\",\"width\":1200,\"height\":381,\"caption\":\"RBB Aluminium Profiltechnik AG\"},\"image\":{\"@id\":\"https:\/\/www.rbb-aluminium.de\/fr\/#\/schema\/logo\/image\/\"},\"sameAs\":[\"https:\/\/www.facebook.com\/RBB.Aluminium.AG\/\",\"https:\/\/www.linkedin.com\/company\/rbb-aluminium\/\",\"https:\/\/www.youtube.com\/user\/RBBAluminium\"]}]}<\/script>\n<!-- \/ Yoast SEO plugin. -->","yoast_head_json":{"title":"Produits sur mesure - R\u00b7B\u00b7B Aluminium-Profiltechnik AG","description":"Gestion compl\u00e8te du profil\u00e9 en aluminium D\u00e9veloppement, usinage de production, finition de surface, emballage \u00b7 Logistique","robots":{"index":"index","follow":"follow","max-snippet":"max-snippet:-1","max-image-preview":"max-image-preview:large","max-video-preview":"max-video-preview:-1"},"canonical":"https:\/\/www.rbb-aluminium.de\/fr\/profiles-en-aluminium\/produits-sur-mesure\/","og_locale":"fr_FR","og_type":"article","og_title":"Produits sur mesure - R\u00b7B\u00b7B Aluminium-Profiltechnik AG","og_description":"Gestion compl\u00e8te du profil\u00e9 en aluminium D\u00e9veloppement, usinage de production, finition de surface, emballage \u00b7 Logistique","og_url":"https:\/\/www.rbb-aluminium.de\/fr\/profiles-en-aluminium\/produits-sur-mesure\/","og_site_name":"R\u00b7B\u00b7B Aluminium-Profiltechnik AG","article_publisher":"https:\/\/www.facebook.com\/RBB.Aluminium.AG\/","article_modified_time":"2019-05-28T08:16:18+00:00","og_image":[{"width":630,"height":375,"url":"https:\/\/www.rbb-aluminium.de\/inhalte\/uploads\/Luftaufnahme_LKW_.png","type":"image\/png"}],"twitter_card":"summary_large_image","schema":{"@context":"https:\/\/schema.org","@graph":[{"@type":"WebPage","@id":"https:\/\/www.rbb-aluminium.de\/fr\/profiles-en-aluminium\/produits-sur-mesure\/","url":"https:\/\/www.rbb-aluminium.de\/fr\/profiles-en-aluminium\/produits-sur-mesure\/","name":"Produits sur mesure - R\u00b7B\u00b7B Aluminium-Profiltechnik AG","isPartOf":{"@id":"https:\/\/www.rbb-aluminium.de\/fr\/#website"},"datePublished":"2016-05-03T08:11:53+00:00","dateModified":"2019-05-28T08:16:18+00:00","description":"Gestion compl\u00e8te du profil\u00e9 en aluminium D\u00e9veloppement, usinage de production, finition de surface, emballage \u00b7 Logistique","breadcrumb":{"@id":"https:\/\/www.rbb-aluminium.de\/fr\/profiles-en-aluminium\/produits-sur-mesure\/#breadcrumb"},"inLanguage":"fr-FR","potentialAction":[{"@type":"ReadAction","target":["https:\/\/www.rbb-aluminium.de\/fr\/profiles-en-aluminium\/produits-sur-mesure\/"]}]},{"@type":"BreadcrumbList","@id":"https:\/\/www.rbb-aluminium.de\/fr\/profiles-en-aluminium\/produits-sur-mesure\/#breadcrumb","itemListElement":[{"@type":"ListItem","position":1,"name":"Home","item":"https:\/\/www.rbb-aluminium.de\/fr\/"},{"@type":"ListItem","position":2,"name":"Profil\u00e9s en aluminium","item":"https:\/\/www.rbb-aluminium.de\/fr\/profiles-en-aluminium\/"},{"@type":"ListItem","position":3,"name":"Produits sur mesure"}]},{"@type":"WebSite","@id":"https:\/\/www.rbb-aluminium.de\/fr\/#website","url":"https:\/\/www.rbb-aluminium.de\/fr\/","name":"R\u00b7B\u00b7B Aluminium-Profiltechnik AG","description":"","publisher":{"@id":"https:\/\/www.rbb-aluminium.de\/fr\/#organization"},"potentialAction":[{"@type":"SearchAction","target":{"@type":"EntryPoint","urlTemplate":"https:\/\/www.rbb-aluminium.de\/fr\/?s={search_term_string}"},"query-input":{"@type":"PropertyValueSpecification","valueRequired":true,"valueName":"search_term_string"}}],"inLanguage":"fr-FR"},{"@type":"Organization","@id":"https:\/\/www.rbb-aluminium.de\/fr\/#organization","name":"RBB Aluminium Profiltechnik AG","url":"https:\/\/www.rbb-aluminium.de\/fr\/","logo":{"@type":"ImageObject","inLanguage":"fr-FR","@id":"https:\/\/www.rbb-aluminium.de\/fr\/#\/schema\/logo\/image\/","url":"https:\/\/www.rbb-aluminium.de\/inhalte\/uploads\/rbb_aluminium_logo_blau_01.jpg","contentUrl":"https:\/\/www.rbb-aluminium.de\/inhalte\/uploads\/rbb_aluminium_logo_blau_01.jpg","width":1200,"height":381,"caption":"RBB Aluminium Profiltechnik AG"},"image":{"@id":"https:\/\/www.rbb-aluminium.de\/fr\/#\/schema\/logo\/image\/"},"sameAs":["https:\/\/www.facebook.com\/RBB.Aluminium.AG\/","https:\/\/www.linkedin.com\/company\/rbb-aluminium\/","https:\/\/www.youtube.com\/user\/RBBAluminium"]}]}},"_links":{"self":[{"href":"https:\/\/www.rbb-aluminium.de\/fr\/wp-json\/wp\/v2\/pages\/4796","targetHints":{"allow":["GET"]}}],"collection":[{"href":"https:\/\/www.rbb-aluminium.de\/fr\/wp-json\/wp\/v2\/pages"}],"about":[{"href":"https:\/\/www.rbb-aluminium.de\/fr\/wp-json\/wp\/v2\/types\/page"}],"author":[{"embeddable":true,"href":"https:\/\/www.rbb-aluminium.de\/fr\/wp-json\/wp\/v2\/users\/1"}],"replies":[{"embeddable":true,"href":"https:\/\/www.rbb-aluminium.de\/fr\/wp-json\/wp\/v2\/comments?post=4796"}],"version-history":[{"count":18,"href":"https:\/\/www.rbb-aluminium.de\/fr\/wp-json\/wp\/v2\/pages\/4796\/revisions"}],"predecessor-version":[{"id":16020,"href":"https:\/\/www.rbb-aluminium.de\/fr\/wp-json\/wp\/v2\/pages\/4796\/revisions\/16020"}],"up":[{"embeddable":true,"href":"https:\/\/www.rbb-aluminium.de\/fr\/wp-json\/wp\/v2\/pages\/4671"}],"wp:attachment":[{"href":"https:\/\/www.rbb-aluminium.de\/fr\/wp-json\/wp\/v2\/media?parent=4796"}],"curies":[{"name":"wp","href":"https:\/\/api.w.org\/{rel}","templated":true}]}}