{"id":5224,"date":"2016-02-16T10:32:38","date_gmt":"2016-02-16T09:32:38","guid":{"rendered":"https:\/\/www.rbb-aluminium.de\/fr\/oberflaechenveredelung\/"},"modified":"2016-06-16T11:28:52","modified_gmt":"2016-06-16T09:28:52","slug":"traitement-de-surface","status":"publish","type":"page","link":"https:\/\/www.rbb-aluminium.de\/fr\/systemes-dappuis-de-fenetres\/traitement-de-surface\/","title":{"rendered":"Traitement de surface"},"content":{"rendered":"<div class=\"entry-content\">\n<div class=\"element_row\" >\n<div class=\"container\">\n<div class=\"row\">\n<div class=\"col-md-6\">\n<div class=\"elements_container\" >\n<div class=\"volltext klein\">\n<p><img loading=\"lazy\" decoding=\"async\" class=\"alignnone size-full wp-image-2785\" src=\"https:\/\/www.rbb-aluminium.de\/inhalte\/uploads\/rbb-aluminium_VSP_Oberflaeche01-e1457508971127.jpg\" alt=\"rbb-aluminium_VSP_Oberflaeche01\" width=\"450\" height=\"338\" srcset=\"https:\/\/www.rbb-aluminium.de\/inhalte\/uploads\/rbb-aluminium_VSP_Oberflaeche01-e1457508971127.jpg 450w, https:\/\/www.rbb-aluminium.de\/inhalte\/uploads\/rbb-aluminium_VSP_Oberflaeche01-e1457508971127-150x113.jpg 150w, https:\/\/www.rbb-aluminium.de\/inhalte\/uploads\/rbb-aluminium_VSP_Oberflaeche01-e1457508971127-355x267.jpg 355w\" sizes=\"auto, (max-width: 450px) 100vw, 450px\" \/><\/p>\n<\/div>\n<p>&nbsp;\n                                        <\/p><\/div>\n<\/p><\/div>\n<div class=\"col-md-6\">\n<div class=\"elements_container\" >\n<div class=\"volltext normal\">\n<ul style=\"list-style-type: disc;\">\n<li>Gamme compl\u00e8te de rev\u00eatements par pulv\u00e9risation et de couleurs ELOXAL faisant partie de nos stocks permanents:<\/li>\n<li>brut,<br \/>\nanodis\u00e9 naturel (E6\/EV1),<br \/>\nanodis\u00e9 bronze moyen (E6\/C33),<br \/>\nanodis\u00e9 bronze fonc\u00e9 (E6\/C34),<br \/>\nblanc (RAL 9016 en poudre),<br \/>\nanthracite<br \/>\n(RAL 7016 en poudre, brillant pour FBS 40)<br \/>\n(RAL 7016 en poudre, mat et hautement r\u00e9sistant aux intemp\u00e9ries pour FBS 25)<\/li>\n<li>Couleurs personnalis\u00e9es<\/li>\n<li>Techniques modernes<\/li>\n<li>D\u00e9lais de livraison courts<\/li>\n<\/ul>\n<p><img loading=\"lazy\" decoding=\"async\" class=\"alignnone size-full wp-image-2573\" src=\"https:\/\/www.rbb-aluminium.de\/inhalte\/uploads\/rbb-aluminium_beschichtungslogos_01-e1456762173734.jpg\" alt=\"rbb-aluminium_beschichtungslogos_01\" width=\"320\" height=\"110\" srcset=\"https:\/\/www.rbb-aluminium.de\/inhalte\/uploads\/rbb-aluminium_beschichtungslogos_01-e1456762173734.jpg 320w, https:\/\/www.rbb-aluminium.de\/inhalte\/uploads\/rbb-aluminium_beschichtungslogos_01-e1456762173734-150x52.jpg 150w\" sizes=\"auto, (max-width: 320px) 100vw, 320px\" \/><\/p>\n<\/div>\n<p>&nbsp;<\/p><\/div>\n<\/p><\/div>\n<\/p><\/div>\n<\/p><\/div>\n<\/p><\/div>\n<div class=\"element_row\" >\n<div class=\"container\">\n<div class=\"row\">\n<div class=\"col-md-12\">\n<div class=\"elements_container\">\n<div class=\"volltext normal\">\n<p>Toute notre gamme de profil\u00e9s en aluminium est disponible dans diff\u00e9rentes couleurs standards et personnalis\u00e9es. Nous sommes ainsi en mesure de peindre vos produits en ayant recours aux techniques du thermolaquage ou de les colorer en ayant recours \u00e0 la technique haut de gamme de l\u2019oxydation anodique ELOXAL.<\/p>\n<p>Nous traitons les surfaces en fonction des couleurs de votre choix et des traitements de mat\u00e9riau sp\u00e9cifiques dont vous avez besoin.<\/p>\n<p>Contactez-nous pour en savoir plus sur nos diff\u00e9rentes possibilit\u00e9s de traitement de surface, par exemple sur l&rsquo;application de rev\u00eatements par pulv\u00e9risation hautement r\u00e9sistants aux intemp\u00e9ries, sur les surfaces microstructur\u00e9es, sur l\u2019oxydation anodique ELOXAL avec une finition \u00ab acier inoxydable \u00bb, et sur bien plus encore.<\/p>\n<\/div>\n<\/div><\/div>\n<\/p><\/div>\n<\/p><\/div>\n<\/p><\/div>\n<\/p><\/div>\n","protected":false},"excerpt":{"rendered":"<p>&nbsp; Gamme compl\u00e8te de rev\u00eatements par pulv\u00e9risation et de couleurs ELOXAL faisant partie de nos stocks permanents: brut, anodis\u00e9 naturel (E6\/EV1), anodis\u00e9 bronze moyen (E6\/C33), anodis\u00e9 bronze fonc\u00e9 (E6\/C34), blanc (RAL 9016 en poudre), anthracite (RAL 7016 en poudre, brillant pour FBS 40) (RAL 7016 en poudre, mat et hautement r\u00e9sistant aux intemp\u00e9ries pour FBS [&hellip;]<\/p>\n","protected":false},"author":1,"featured_media":0,"parent":16496,"menu_order":0,"comment_status":"closed","ping_status":"closed","template":"","meta":{"_acf_changed":false,"footnotes":""},"class_list":["post-5224","page","type-page","status-publish","hentry"],"acf":[],"yoast_head":"<!-- This site is optimized with the Yoast SEO plugin v27.2 - https:\/\/yoast.com\/product\/yoast-seo-wordpress\/ -->\n<title>Traitement de surface - R\u00b7B\u00b7B Aluminium-Profiltechnik AG<\/title>\n<meta name=\"robots\" content=\"index, follow, max-snippet:-1, max-image-preview:large, max-video-preview:-1\" \/>\n<link rel=\"canonical\" href=\"https:\/\/www.rbb-aluminium.de\/fr\/systemes-dappuis-de-fenetres\/traitement-de-surface\/\" \/>\n<meta property=\"og:locale\" content=\"fr_FR\" \/>\n<meta property=\"og:type\" content=\"article\" \/>\n<meta property=\"og:title\" content=\"Traitement de surface - R\u00b7B\u00b7B Aluminium-Profiltechnik AG\" \/>\n<meta property=\"og:description\" content=\"&nbsp; Gamme compl\u00e8te de rev\u00eatements par pulv\u00e9risation et de couleurs ELOXAL faisant partie de nos stocks permanents: brut, anodis\u00e9 naturel (E6\/EV1), anodis\u00e9 bronze moyen (E6\/C33), anodis\u00e9 bronze fonc\u00e9 (E6\/C34), blanc (RAL 9016 en poudre), anthracite (RAL 7016 en poudre, brillant pour FBS 40) (RAL 7016 en poudre, mat et hautement r\u00e9sistant aux intemp\u00e9ries pour FBS [&hellip;]\" \/>\n<meta property=\"og:url\" content=\"https:\/\/www.rbb-aluminium.de\/fr\/systemes-dappuis-de-fenetres\/traitement-de-surface\/\" \/>\n<meta property=\"og:site_name\" content=\"R\u00b7B\u00b7B Aluminium-Profiltechnik AG\" \/>\n<meta property=\"article:publisher\" content=\"https:\/\/www.facebook.com\/RBB.Aluminium.AG\/\" \/>\n<meta property=\"article:modified_time\" content=\"2016-06-16T09:28:52+00:00\" \/>\n<meta property=\"og:image\" content=\"https:\/\/www.rbb-aluminium.de\/inhalte\/uploads\/rbb-aluminium_VSP_Oberflaeche01-e1457508971127.jpg\" \/>\n<meta name=\"twitter:card\" content=\"summary_large_image\" \/>\n<meta name=\"twitter:label1\" content=\"Dur\u00e9e de lecture estim\u00e9e\" \/>\n\t<meta name=\"twitter:data1\" content=\"1 minute\" \/>\n<script type=\"application\/ld+json\" class=\"yoast-schema-graph\">{\"@context\":\"https:\/\/schema.org\",\"@graph\":[{\"@type\":\"WebPage\",\"@id\":\"https:\/\/www.rbb-aluminium.de\/fr\/systemes-dappuis-de-fenetres\/traitement-de-surface\/\",\"url\":\"https:\/\/www.rbb-aluminium.de\/fr\/systemes-dappuis-de-fenetres\/traitement-de-surface\/\",\"name\":\"Traitement de surface - R\u00b7B\u00b7B Aluminium-Profiltechnik AG\",\"isPartOf\":{\"@id\":\"https:\/\/www.rbb-aluminium.de\/fr\/#website\"},\"primaryImageOfPage\":{\"@id\":\"https:\/\/www.rbb-aluminium.de\/fr\/systemes-dappuis-de-fenetres\/traitement-de-surface\/#primaryimage\"},\"image\":{\"@id\":\"https:\/\/www.rbb-aluminium.de\/fr\/systemes-dappuis-de-fenetres\/traitement-de-surface\/#primaryimage\"},\"thumbnailUrl\":\"https:\/\/www.rbb-aluminium.de\/inhalte\/uploads\/rbb-aluminium_VSP_Oberflaeche01-e1457508971127.jpg\",\"datePublished\":\"2016-02-16T09:32:38+00:00\",\"dateModified\":\"2016-06-16T09:28:52+00:00\",\"breadcrumb\":{\"@id\":\"https:\/\/www.rbb-aluminium.de\/fr\/systemes-dappuis-de-fenetres\/traitement-de-surface\/#breadcrumb\"},\"inLanguage\":\"fr-FR\",\"potentialAction\":[{\"@type\":\"ReadAction\",\"target\":[\"https:\/\/www.rbb-aluminium.de\/fr\/systemes-dappuis-de-fenetres\/traitement-de-surface\/\"]}]},{\"@type\":\"ImageObject\",\"inLanguage\":\"fr-FR\",\"@id\":\"https:\/\/www.rbb-aluminium.de\/fr\/systemes-dappuis-de-fenetres\/traitement-de-surface\/#primaryimage\",\"url\":\"https:\/\/www.rbb-aluminium.de\/inhalte\/uploads\/rbb-aluminium_VSP_Oberflaeche01-e1457508971127.jpg\",\"contentUrl\":\"https:\/\/www.rbb-aluminium.de\/inhalte\/uploads\/rbb-aluminium_VSP_Oberflaeche01-e1457508971127.jpg\"},{\"@type\":\"BreadcrumbList\",\"@id\":\"https:\/\/www.rbb-aluminium.de\/fr\/systemes-dappuis-de-fenetres\/traitement-de-surface\/#breadcrumb\",\"itemListElement\":[{\"@type\":\"ListItem\",\"position\":1,\"name\":\"Home\",\"item\":\"https:\/\/www.rbb-aluminium.de\/fr\/\"},{\"@type\":\"ListItem\",\"position\":2,\"name\":\"Syst\u00e8mes d\u2019appuis de fen\u00eatres\",\"item\":\"https:\/\/www.rbb-aluminium.de\/fr\/systemes-dappuis-de-fenetres\/\"},{\"@type\":\"ListItem\",\"position\":3,\"name\":\"Traitement de surface\"}]},{\"@type\":\"WebSite\",\"@id\":\"https:\/\/www.rbb-aluminium.de\/fr\/#website\",\"url\":\"https:\/\/www.rbb-aluminium.de\/fr\/\",\"name\":\"R\u00b7B\u00b7B Aluminium-Profiltechnik AG\",\"description\":\"\",\"publisher\":{\"@id\":\"https:\/\/www.rbb-aluminium.de\/fr\/#organization\"},\"potentialAction\":[{\"@type\":\"SearchAction\",\"target\":{\"@type\":\"EntryPoint\",\"urlTemplate\":\"https:\/\/www.rbb-aluminium.de\/fr\/?s={search_term_string}\"},\"query-input\":{\"@type\":\"PropertyValueSpecification\",\"valueRequired\":true,\"valueName\":\"search_term_string\"}}],\"inLanguage\":\"fr-FR\"},{\"@type\":\"Organization\",\"@id\":\"https:\/\/www.rbb-aluminium.de\/fr\/#organization\",\"name\":\"RBB Aluminium Profiltechnik AG\",\"url\":\"https:\/\/www.rbb-aluminium.de\/fr\/\",\"logo\":{\"@type\":\"ImageObject\",\"inLanguage\":\"fr-FR\",\"@id\":\"https:\/\/www.rbb-aluminium.de\/fr\/#\/schema\/logo\/image\/\",\"url\":\"https:\/\/www.rbb-aluminium.de\/inhalte\/uploads\/rbb_aluminium_logo_blau_01.jpg\",\"contentUrl\":\"https:\/\/www.rbb-aluminium.de\/inhalte\/uploads\/rbb_aluminium_logo_blau_01.jpg\",\"width\":1200,\"height\":381,\"caption\":\"RBB Aluminium Profiltechnik AG\"},\"image\":{\"@id\":\"https:\/\/www.rbb-aluminium.de\/fr\/#\/schema\/logo\/image\/\"},\"sameAs\":[\"https:\/\/www.facebook.com\/RBB.Aluminium.AG\/\",\"https:\/\/www.linkedin.com\/company\/rbb-aluminium\/\",\"https:\/\/www.youtube.com\/user\/RBBAluminium\"]}]}<\/script>\n<!-- \/ Yoast SEO plugin. -->","yoast_head_json":{"title":"Traitement de surface - R\u00b7B\u00b7B Aluminium-Profiltechnik AG","robots":{"index":"index","follow":"follow","max-snippet":"max-snippet:-1","max-image-preview":"max-image-preview:large","max-video-preview":"max-video-preview:-1"},"canonical":"https:\/\/www.rbb-aluminium.de\/fr\/systemes-dappuis-de-fenetres\/traitement-de-surface\/","og_locale":"fr_FR","og_type":"article","og_title":"Traitement de surface - R\u00b7B\u00b7B Aluminium-Profiltechnik AG","og_description":"&nbsp; Gamme compl\u00e8te de rev\u00eatements par pulv\u00e9risation et de couleurs ELOXAL faisant partie de nos stocks permanents: brut, anodis\u00e9 naturel (E6\/EV1), anodis\u00e9 bronze moyen (E6\/C33), anodis\u00e9 bronze fonc\u00e9 (E6\/C34), blanc (RAL 9016 en poudre), anthracite (RAL 7016 en poudre, brillant pour FBS 40) (RAL 7016 en poudre, mat et hautement r\u00e9sistant aux intemp\u00e9ries pour FBS [&hellip;]","og_url":"https:\/\/www.rbb-aluminium.de\/fr\/systemes-dappuis-de-fenetres\/traitement-de-surface\/","og_site_name":"R\u00b7B\u00b7B Aluminium-Profiltechnik AG","article_publisher":"https:\/\/www.facebook.com\/RBB.Aluminium.AG\/","article_modified_time":"2016-06-16T09:28:52+00:00","og_image":[{"url":"https:\/\/www.rbb-aluminium.de\/inhalte\/uploads\/rbb-aluminium_VSP_Oberflaeche01-e1457508971127.jpg","type":"","width":"","height":""}],"twitter_card":"summary_large_image","twitter_misc":{"Dur\u00e9e de lecture estim\u00e9e":"1 minute"},"schema":{"@context":"https:\/\/schema.org","@graph":[{"@type":"WebPage","@id":"https:\/\/www.rbb-aluminium.de\/fr\/systemes-dappuis-de-fenetres\/traitement-de-surface\/","url":"https:\/\/www.rbb-aluminium.de\/fr\/systemes-dappuis-de-fenetres\/traitement-de-surface\/","name":"Traitement de surface - R\u00b7B\u00b7B Aluminium-Profiltechnik AG","isPartOf":{"@id":"https:\/\/www.rbb-aluminium.de\/fr\/#website"},"primaryImageOfPage":{"@id":"https:\/\/www.rbb-aluminium.de\/fr\/systemes-dappuis-de-fenetres\/traitement-de-surface\/#primaryimage"},"image":{"@id":"https:\/\/www.rbb-aluminium.de\/fr\/systemes-dappuis-de-fenetres\/traitement-de-surface\/#primaryimage"},"thumbnailUrl":"https:\/\/www.rbb-aluminium.de\/inhalte\/uploads\/rbb-aluminium_VSP_Oberflaeche01-e1457508971127.jpg","datePublished":"2016-02-16T09:32:38+00:00","dateModified":"2016-06-16T09:28:52+00:00","breadcrumb":{"@id":"https:\/\/www.rbb-aluminium.de\/fr\/systemes-dappuis-de-fenetres\/traitement-de-surface\/#breadcrumb"},"inLanguage":"fr-FR","potentialAction":[{"@type":"ReadAction","target":["https:\/\/www.rbb-aluminium.de\/fr\/systemes-dappuis-de-fenetres\/traitement-de-surface\/"]}]},{"@type":"ImageObject","inLanguage":"fr-FR","@id":"https:\/\/www.rbb-aluminium.de\/fr\/systemes-dappuis-de-fenetres\/traitement-de-surface\/#primaryimage","url":"https:\/\/www.rbb-aluminium.de\/inhalte\/uploads\/rbb-aluminium_VSP_Oberflaeche01-e1457508971127.jpg","contentUrl":"https:\/\/www.rbb-aluminium.de\/inhalte\/uploads\/rbb-aluminium_VSP_Oberflaeche01-e1457508971127.jpg"},{"@type":"BreadcrumbList","@id":"https:\/\/www.rbb-aluminium.de\/fr\/systemes-dappuis-de-fenetres\/traitement-de-surface\/#breadcrumb","itemListElement":[{"@type":"ListItem","position":1,"name":"Home","item":"https:\/\/www.rbb-aluminium.de\/fr\/"},{"@type":"ListItem","position":2,"name":"Syst\u00e8mes d\u2019appuis de fen\u00eatres","item":"https:\/\/www.rbb-aluminium.de\/fr\/systemes-dappuis-de-fenetres\/"},{"@type":"ListItem","position":3,"name":"Traitement de surface"}]},{"@type":"WebSite","@id":"https:\/\/www.rbb-aluminium.de\/fr\/#website","url":"https:\/\/www.rbb-aluminium.de\/fr\/","name":"R\u00b7B\u00b7B Aluminium-Profiltechnik AG","description":"","publisher":{"@id":"https:\/\/www.rbb-aluminium.de\/fr\/#organization"},"potentialAction":[{"@type":"SearchAction","target":{"@type":"EntryPoint","urlTemplate":"https:\/\/www.rbb-aluminium.de\/fr\/?s={search_term_string}"},"query-input":{"@type":"PropertyValueSpecification","valueRequired":true,"valueName":"search_term_string"}}],"inLanguage":"fr-FR"},{"@type":"Organization","@id":"https:\/\/www.rbb-aluminium.de\/fr\/#organization","name":"RBB Aluminium Profiltechnik AG","url":"https:\/\/www.rbb-aluminium.de\/fr\/","logo":{"@type":"ImageObject","inLanguage":"fr-FR","@id":"https:\/\/www.rbb-aluminium.de\/fr\/#\/schema\/logo\/image\/","url":"https:\/\/www.rbb-aluminium.de\/inhalte\/uploads\/rbb_aluminium_logo_blau_01.jpg","contentUrl":"https:\/\/www.rbb-aluminium.de\/inhalte\/uploads\/rbb_aluminium_logo_blau_01.jpg","width":1200,"height":381,"caption":"RBB Aluminium Profiltechnik AG"},"image":{"@id":"https:\/\/www.rbb-aluminium.de\/fr\/#\/schema\/logo\/image\/"},"sameAs":["https:\/\/www.facebook.com\/RBB.Aluminium.AG\/","https:\/\/www.linkedin.com\/company\/rbb-aluminium\/","https:\/\/www.youtube.com\/user\/RBBAluminium"]}]}},"_links":{"self":[{"href":"https:\/\/www.rbb-aluminium.de\/fr\/wp-json\/wp\/v2\/pages\/5224","targetHints":{"allow":["GET"]}}],"collection":[{"href":"https:\/\/www.rbb-aluminium.de\/fr\/wp-json\/wp\/v2\/pages"}],"about":[{"href":"https:\/\/www.rbb-aluminium.de\/fr\/wp-json\/wp\/v2\/types\/page"}],"author":[{"embeddable":true,"href":"https:\/\/www.rbb-aluminium.de\/fr\/wp-json\/wp\/v2\/users\/1"}],"replies":[{"embeddable":true,"href":"https:\/\/www.rbb-aluminium.de\/fr\/wp-json\/wp\/v2\/comments?post=5224"}],"version-history":[{"count":8,"href":"https:\/\/www.rbb-aluminium.de\/fr\/wp-json\/wp\/v2\/pages\/5224\/revisions"}],"predecessor-version":[{"id":7514,"href":"https:\/\/www.rbb-aluminium.de\/fr\/wp-json\/wp\/v2\/pages\/5224\/revisions\/7514"}],"up":[{"embeddable":true,"href":"https:\/\/www.rbb-aluminium.de\/fr\/wp-json\/wp\/v2\/pages\/16496"}],"wp:attachment":[{"href":"https:\/\/www.rbb-aluminium.de\/fr\/wp-json\/wp\/v2\/media?parent=5224"}],"curies":[{"name":"wp","href":"https:\/\/api.w.org\/{rel}","templated":true}]}}